{"id":1969,"date":"2024-02-05T10:05:40","date_gmt":"2024-02-05T09:05:40","guid":{"rendered":"https:\/\/sp2zelow.pl\/?page_id=1969"},"modified":"2025-10-22T22:04:27","modified_gmt":"2025-10-22T20:04:27","slug":"kontakt","status":"publish","type":"page","link":"https:\/\/sp2zelow.pl\/?page_id=1969","title":{"rendered":"Kontakt"},"content":{"rendered":"\n<h2 class=\"wp-block-heading\">Nasz adres:<\/h2>\n\n\n\n<p>Szko\u0142a Podstawowa nr 2<br>im. Tadeusza Ko\u015bciuszki z oddzia\u0142ami integracyjnymi w Zelowie<br>ul. Ko\u015bciuszki 40\/42<br>97-425 Zel\u00f3w,<\/p>\n\n\n\n<p>tel. 44 634 10 62<\/p>\n\n\n\n<p><strong>email: <a href=\"mailto:sp2zelow@zelow.pl\">sp2zelow@zelow.pl<\/a><\/strong><\/p>\n\n\n\n<p>www.sp2zelow.pl<\/p>\n\n\n\n<p><a href=\"https:\/\/www.facebook.com\/SP2wZelowie\/\">https:\/\/www.facebook.com\/SP2wZelowie\/<\/a><\/p>\n\n\n\n<p>Adres elektronicznej skrzynki e-Dor\u0119cze\u0144: AE:PL-21376-21299-BIEHT-11<\/p>\n\n\n\n<p><\/p>\n","protected":false},"excerpt":{"rendered":"<p>Nasz adres: Szko\u0142a Podstawowa nr 2im. Tadeusza Ko\u015bciuszki z oddzia\u0142ami integracyjnymi w Zelowieul. Ko\u015bciuszki 40\/4297-425 Zel\u00f3w, tel. 44 634 10<\/p>\n","protected":false},"author":1,"featured_media":0,"parent":0,"menu_order":0,"comment_status":"closed","ping_status":"closed","template":"","meta":{"colormag_page_container_layout":"default_layout","colormag_page_sidebar_layout":"default_layout","footnotes":""},"class_list":["post-1969","page","type-page","status-publish","hentry"],"_links":{"self":[{"href":"https:\/\/sp2zelow.pl\/index.php?rest_route=\/wp\/v2\/pages\/1969","targetHints":{"allow":["GET"]}}],"collection":[{"href":"https:\/\/sp2zelow.pl\/index.php?rest_route=\/wp\/v2\/pages"}],"about":[{"href":"https:\/\/sp2zelow.pl\/index.php?rest_route=\/wp\/v2\/types\/page"}],"author":[{"embeddable":true,"href":"https:\/\/sp2zelow.pl\/index.php?rest_route=\/wp\/v2\/users\/1"}],"replies":[{"embeddable":true,"href":"https:\/\/sp2zelow.pl\/index.php?rest_route=%2Fwp%2Fv2%2Fcomments&post=1969"}],"version-history":[{"count":7,"href":"https:\/\/sp2zelow.pl\/index.php?rest_route=\/wp\/v2\/pages\/1969\/revisions"}],"predecessor-version":[{"id":2665,"href":"https:\/\/sp2zelow.pl\/index.php?rest_route=\/wp\/v2\/pages\/1969\/revisions\/2665"}],"wp:attachment":[{"href":"https:\/\/sp2zelow.pl\/index.php?rest_route=%2Fwp%2Fv2%2Fmedia&parent=1969"}],"curies":[{"name":"wp","href":"https:\/\/api.w.org\/{rel}","templated":true}]}}