{"id":2030,"date":"2024-02-05T13:40:04","date_gmt":"2024-02-05T12:40:04","guid":{"rendered":"https:\/\/sp2zelow.pl\/?page_id=2030"},"modified":"2024-02-05T13:41:34","modified_gmt":"2024-02-05T12:41:34","slug":"dla-uczniow","status":"publish","type":"page","link":"https:\/\/sp2zelow.pl\/?page_id=2030","title":{"rendered":"Dla uczni\u00f3w"},"content":{"rendered":"\n<p>Samorz\u0105d uczniowski<\/p>\n\n\n\n<p>Ko\u0142o wolontariatu<\/p>\n\n\n\n<p>Wykaz podr\u0119cznik\u00f3w<\/p>\n\n\n\n<p>Plan lekcji<\/p>\n","protected":false},"excerpt":{"rendered":"<p>Samorz\u0105d uczniowski Ko\u0142o wolontariatu Wykaz podr\u0119cznik\u00f3w Plan lekcji<\/p>\n","protected":false},"author":1,"featured_media":0,"parent":0,"menu_order":0,"comment_status":"closed","ping_status":"closed","template":"","meta":{"colormag_page_container_layout":"default_layout","colormag_page_sidebar_layout":"default_layout","footnotes":""},"class_list":["post-2030","page","type-page","status-publish","hentry"],"_links":{"self":[{"href":"https:\/\/sp2zelow.pl\/index.php?rest_route=\/wp\/v2\/pages\/2030","targetHints":{"allow":["GET"]}}],"collection":[{"href":"https:\/\/sp2zelow.pl\/index.php?rest_route=\/wp\/v2\/pages"}],"about":[{"href":"https:\/\/sp2zelow.pl\/index.php?rest_route=\/wp\/v2\/types\/page"}],"author":[{"embeddable":true,"href":"https:\/\/sp2zelow.pl\/index.php?rest_route=\/wp\/v2\/users\/1"}],"replies":[{"embeddable":true,"href":"https:\/\/sp2zelow.pl\/index.php?rest_route=%2Fwp%2Fv2%2Fcomments&post=2030"}],"version-history":[{"count":3,"href":"https:\/\/sp2zelow.pl\/index.php?rest_route=\/wp\/v2\/pages\/2030\/revisions"}],"predecessor-version":[{"id":2033,"href":"https:\/\/sp2zelow.pl\/index.php?rest_route=\/wp\/v2\/pages\/2030\/revisions\/2033"}],"wp:attachment":[{"href":"https:\/\/sp2zelow.pl\/index.php?rest_route=%2Fwp%2Fv2%2Fmedia&parent=2030"}],"curies":[{"name":"wp","href":"https:\/\/api.w.org\/{rel}","templated":true}]}}