{"id":2198,"date":"2024-03-25T17:16:32","date_gmt":"2024-03-25T16:16:32","guid":{"rendered":"https:\/\/sp2zelow.pl\/?page_id=2198"},"modified":"2024-03-25T17:16:34","modified_gmt":"2024-03-25T16:16:34","slug":"swietlica-szkolna","status":"publish","type":"page","link":"https:\/\/sp2zelow.pl\/?page_id=2198","title":{"rendered":"\u015awietlica szkolna"},"content":{"rendered":"\n<h3 class=\"wp-block-heading\">\u015awietlica w naszej szkole<\/h3>\n\n\n\n<p>Zgodnie z regulaminem naszej szko\u0142y \u015bwietlica jest pozalekcyjn\u0105 form\u0105 wychowawczo &#8211; opieku\u0144cz\u0105. G\u0142\u00f3wnym celem \u015bwietlicy jest zapewnienie opieki wychowawczej, tworzenie warunk\u00f3w do nauki i pomocy w nauce oraz rozwijanie zainteresowa\u0144 i uzdolnie\u0144 wychowank\u00f3w.<\/p>\n\n\n\n<p><strong>Do podstawowych zada\u0144 \u015bwietlicy nale\u017cy:<\/strong><\/p>\n\n\n\n<ul class=\"wp-block-list\">\n<li>zapewnienie opieki dzieciom dowo\u017conym do szko\u0142y oraz dzieciom rodzic\u00f3w pracuj\u0105cych,<\/li>\n\n\n\n<li>zapewnienie opieki uczniom, kt\u00f3rzy czekaj\u0105 na zaj\u0119cia pozalekcyjne,<\/li>\n\n\n\n<li>organizowanie pomocy w nauce, tworzenie warunk\u00f3w do nauki w\u0142asnej, przyzwyczajanie do samodzielnej pracy umys\u0142owej,<\/li>\n\n\n\n<li>organizowanie gier i zabaw ruchowych oraz innych form zaj\u0119\u0107 na \u015bwie\u017cym powietrzu,<\/li>\n\n\n\n<li>rozwijanie zainteresowa\u0144 zami\u0142owa\u0144 i uzdolnie\u0144.<\/li>\n<\/ul>\n\n\n\n<p>Zaj\u0119cia w \u015bwietlicy odbywaj\u0105 si\u0119 wed\u0142ug planu pracy zatwierdzonego przez Dyrektora Szko\u0142y.<br>W ramach zaj\u0119\u0107 prowadzone s\u0105 zaj\u0119cia plastyczno &#8211; techniczne, czytelnicze, muzyczne, odrabianie prac domowych. Organizowane s\u0105 gry i zabawy dydaktyczne oraz tematyczne.<\/p>\n\n\n\n<p>Propaguj\u0105c ruch na \u015bwie\u017cym powietrzu, cz\u0119sto korzystamy z nowego bezpiecznego placu zabaw dla dzieci.<\/p>\n\n\n\n<p>Co roku w \u015bwietlicy organizowane s\u0105 konkursy min. ,,Najgrzeczniejszego \u015bwietliczaka&#8221;, czytelniczy ,,Bohaterowie naszych ksi\u0105\u017cek&#8221;, wybory Miss \u015awietlicy.<\/p>\n\n\n\n<div data-wp-interactive=\"core\/file\" class=\"wp-block-file\"><object data-wp-bind--hidden=\"!state.hasPdfPreview\" hidden class=\"wp-block-file__embed\" data=\"https:\/\/sp2zelow.pl\/wp-content\/uploads\/2024\/03\/zgloszenie_swietlica.pdf\" type=\"application\/pdf\" style=\"width:100%;height:600px\" aria-label=\"Osadzone z zgloszenie_swietlica.\"><\/object><a id=\"wp-block-file--media-888e6caf-e824-4933-903f-5312e8166ef5\" href=\"https:\/\/sp2zelow.pl\/wp-content\/uploads\/2024\/03\/zgloszenie_swietlica.pdf\">zgloszenie_swietlica<\/a><a href=\"https:\/\/sp2zelow.pl\/wp-content\/uploads\/2024\/03\/zgloszenie_swietlica.pdf\" class=\"wp-block-file__button wp-element-button\" download aria-describedby=\"wp-block-file--media-888e6caf-e824-4933-903f-5312e8166ef5\">Pobierz<\/a><\/div>\n\n\n\n<div data-wp-interactive=\"core\/file\" class=\"wp-block-file\"><object data-wp-bind--hidden=\"!state.hasPdfPreview\" hidden class=\"wp-block-file__embed\" data=\"https:\/\/sp2zelow.pl\/wp-content\/uploads\/2024\/03\/regulamin_swietlica.pdf\" type=\"application\/pdf\" style=\"width:100%;height:600px\" aria-label=\"Osadzone z regulamin_swietlica.\"><\/object><a id=\"wp-block-file--media-d0caf42f-e819-4dd9-ab20-7a26c8afa29c\" href=\"https:\/\/sp2zelow.pl\/wp-content\/uploads\/2024\/03\/regulamin_swietlica.pdf\">regulamin_swietlica<\/a><a href=\"https:\/\/sp2zelow.pl\/wp-content\/uploads\/2024\/03\/regulamin_swietlica.pdf\" class=\"wp-block-file__button wp-element-button\" download aria-describedby=\"wp-block-file--media-d0caf42f-e819-4dd9-ab20-7a26c8afa29c\">Pobierz<\/a><\/div>\n","protected":false},"excerpt":{"rendered":"<p>\u015awietlica w naszej szkole Zgodnie z regulaminem naszej szko\u0142y \u015bwietlica jest pozalekcyjn\u0105 form\u0105 wychowawczo &#8211; opieku\u0144cz\u0105. G\u0142\u00f3wnym celem \u015bwietlicy jest<\/p>\n","protected":false},"author":1,"featured_media":0,"parent":0,"menu_order":0,"comment_status":"closed","ping_status":"closed","template":"","meta":{"colormag_page_container_layout":"default_layout","colormag_page_sidebar_layout":"default_layout","footnotes":""},"class_list":["post-2198","page","type-page","status-publish","hentry"],"_links":{"self":[{"href":"https:\/\/sp2zelow.pl\/index.php?rest_route=\/wp\/v2\/pages\/2198","targetHints":{"allow":["GET"]}}],"collection":[{"href":"https:\/\/sp2zelow.pl\/index.php?rest_route=\/wp\/v2\/pages"}],"about":[{"href":"https:\/\/sp2zelow.pl\/index.php?rest_route=\/wp\/v2\/types\/page"}],"author":[{"embeddable":true,"href":"https:\/\/sp2zelow.pl\/index.php?rest_route=\/wp\/v2\/users\/1"}],"replies":[{"embeddable":true,"href":"https:\/\/sp2zelow.pl\/index.php?rest_route=%2Fwp%2Fv2%2Fcomments&post=2198"}],"version-history":[{"count":1,"href":"https:\/\/sp2zelow.pl\/index.php?rest_route=\/wp\/v2\/pages\/2198\/revisions"}],"predecessor-version":[{"id":2201,"href":"https:\/\/sp2zelow.pl\/index.php?rest_route=\/wp\/v2\/pages\/2198\/revisions\/2201"}],"wp:attachment":[{"href":"https:\/\/sp2zelow.pl\/index.php?rest_route=%2Fwp%2Fv2%2Fmedia&parent=2198"}],"curies":[{"name":"wp","href":"https:\/\/api.w.org\/{rel}","templated":true}]}}