{"id":2204,"date":"2024-03-25T17:22:37","date_gmt":"2024-03-25T16:22:37","guid":{"rendered":"https:\/\/sp2zelow.pl\/?page_id=2204"},"modified":"2024-03-25T17:22:39","modified_gmt":"2024-03-25T16:22:39","slug":"samorzad-uczniowski","status":"publish","type":"page","link":"https:\/\/sp2zelow.pl\/?page_id=2204","title":{"rendered":"Samorz\u0105d uczniowski"},"content":{"rendered":"\n<p>CELE I ZADANIA SAMORZ\u0104DU UCZNIOWSKIEGO<\/p>\n\n\n\n<ul class=\"wp-block-list\">\n<li>Reprezentowanie ca\u0142ej spo\u0142eczno\u015bci uczniowskiej szko\u0142y.<\/li>\n\n\n\n<li>Pobudzanie i organizowanie r\u00f3\u017cnych form aktywno\u015bci uczni\u00f3w w porozumieniu z Rad\u0105 Pedagogiczn\u0105 i Dyrektorem Szko\u0142y.<\/li>\n\n\n\n<li>Tworzenie warunk\u00f3w samorz\u0105dno\u015bci, partnerstwa, demokratycznych form wsp\u00f3\u0142\u017cycia<br>i wsp\u00f3\u0142odpowiedzialno\u015bci za funkcjonowanie szko\u0142y.<\/li>\n\n\n\n<li>Praca na rzecz innych i pomoc potrzebuj\u0105cym.<\/li>\n\n\n\n<li>Dbanie o porz\u0105dek w budynku szko\u0142y i wok\u00f3\u0142 niej.<\/li>\n\n\n\n<li>Przygotowanie i prowadzenie na bie\u017c\u0105co tablicy informacyjnej samorz\u0105du uczniowskiego.<\/li>\n\n\n\n<li>Organizowanie konkurs\u00f3w oraz r\u00f3\u017cnorodnych akcji na terenie szko\u0142y.<\/li>\n\n\n\n<li>Organizacja dyskotek i zabaw szkolnych.<\/li>\n\n\n\n<li>Przygotowanie pocztu sztandarowego, kt\u00f3ry reprezentuje spo\u0142eczno\u015b\u0107 uczniowsk\u0105 na uroczysto\u015bciach szkolnych i pa\u0144stwowych.<\/li>\n<\/ul>\n\n\n\n<p><\/p>\n\n\n\n<div data-wp-interactive=\"core\/file\" class=\"wp-block-file\"><object data-wp-bind--hidden=\"!state.hasPdfPreview\" hidden class=\"wp-block-file__embed\" data=\"https:\/\/sp2zelow.pl\/wp-content\/uploads\/2024\/03\/regulamin_s_u.pdf\" type=\"application\/pdf\" style=\"width:100%;height:600px\" aria-label=\"Osadzone z regulamin_s_u.\"><\/object><a id=\"wp-block-file--media-36aa1a89-036d-4383-86f8-4633c30ed983\" href=\"https:\/\/sp2zelow.pl\/wp-content\/uploads\/2024\/03\/regulamin_s_u.pdf\">regulamin_s_u<\/a><a href=\"https:\/\/sp2zelow.pl\/wp-content\/uploads\/2024\/03\/regulamin_s_u.pdf\" class=\"wp-block-file__button wp-element-button\" download aria-describedby=\"wp-block-file--media-36aa1a89-036d-4383-86f8-4633c30ed983\">Pobierz<\/a><\/div>\n\n\n\n<p><\/p>\n","protected":false},"excerpt":{"rendered":"<p>CELE I ZADANIA SAMORZ\u0104DU UCZNIOWSKIEGO<\/p>\n","protected":false},"author":1,"featured_media":0,"parent":0,"menu_order":0,"comment_status":"closed","ping_status":"closed","template":"","meta":{"colormag_page_container_layout":"default_layout","colormag_page_sidebar_layout":"default_layout","footnotes":""},"class_list":["post-2204","page","type-page","status-publish","hentry"],"_links":{"self":[{"href":"https:\/\/sp2zelow.pl\/index.php?rest_route=\/wp\/v2\/pages\/2204","targetHints":{"allow":["GET"]}}],"collection":[{"href":"https:\/\/sp2zelow.pl\/index.php?rest_route=\/wp\/v2\/pages"}],"about":[{"href":"https:\/\/sp2zelow.pl\/index.php?rest_route=\/wp\/v2\/types\/page"}],"author":[{"embeddable":true,"href":"https:\/\/sp2zelow.pl\/index.php?rest_route=\/wp\/v2\/users\/1"}],"replies":[{"embeddable":true,"href":"https:\/\/sp2zelow.pl\/index.php?rest_route=%2Fwp%2Fv2%2Fcomments&post=2204"}],"version-history":[{"count":1,"href":"https:\/\/sp2zelow.pl\/index.php?rest_route=\/wp\/v2\/pages\/2204\/revisions"}],"predecessor-version":[{"id":2206,"href":"https:\/\/sp2zelow.pl\/index.php?rest_route=\/wp\/v2\/pages\/2204\/revisions\/2206"}],"wp:attachment":[{"href":"https:\/\/sp2zelow.pl\/index.php?rest_route=%2Fwp%2Fv2%2Fmedia&parent=2204"}],"curies":[{"name":"wp","href":"https:\/\/api.w.org\/{rel}","templated":true}]}}